{"id":1901,"date":"2024-10-29T16:12:22","date_gmt":"2024-10-29T16:12:22","guid":{"rendered":"https:\/\/hotelvarmaland.is\/?page_id=1901"},"modified":"2024-10-29T16:39:41","modified_gmt":"2024-10-29T16:39:41","slug":"fundarsalur","status":"publish","type":"page","link":"https:\/\/hotelvarmaland.is\/de\/fundarsalur\/","title":{"rendered":"Tagungsraum"},"content":{"rendered":"<div data-elementor-type=\"wp-page\" data-elementor-id=\"1901\" class=\"elementor elementor-1901\" data-elementor-post-type=\"page\">\n\t\t\t\t\t\t<section class=\"elementor-section elementor-top-section elementor-element elementor-element-6a87586a elementor-section-boxed elementor-section-height-default elementor-section-height-default elementor-invisible\" data-id=\"6a87586a\" data-element_type=\"section\" data-settings=\"{&quot;background_background&quot;:&quot;slideshow&quot;,&quot;background_slideshow_gallery&quot;:[{&quot;id&quot;:1861,&quot;url&quot;:&quot;http:\\\/\\\/hotelvarmaland.is\\\/wp-content\\\/uploads\\\/2024\\\/10\\\/Conference-room-scaled.jpg&quot;}],&quot;background_slideshow_ken_burns&quot;:&quot;yes&quot;,&quot;animation&quot;:&quot;fadeIn&quot;,&quot;background_slideshow_loop&quot;:&quot;yes&quot;,&quot;background_slideshow_slide_duration&quot;:5000,&quot;background_slideshow_slide_transition&quot;:&quot;fade&quot;,&quot;background_slideshow_transition_duration&quot;:500,&quot;background_slideshow_ken_burns_zoom_direction&quot;:&quot;in&quot;}\">\n\t\t\t\t\t\t\t<div class=\"elementor-background-overlay\"><\/div>\n\t\t\t\t\t\t\t<div class=\"elementor-container elementor-column-gap-default\">\n\t\t\t\t\t<div class=\"elementor-column elementor-col-100 elementor-top-column elementor-element elementor-element-50fce1c8\" data-id=\"50fce1c8\" data-element_type=\"column\">\n\t\t\t<div class=\"elementor-widget-wrap elementor-element-populated\">\n\t\t\t\t\t\t<div class=\"elementor-element elementor-element-4b3b51ee elementor-invisible elementor-widget elementor-widget-heading\" data-id=\"4b3b51ee\" data-element_type=\"widget\" data-settings=\"{&quot;_animation&quot;:&quot;fadeInUp&quot;}\" data-widget_type=\"heading.default\">\n\t\t\t\t<div class=\"elementor-widget-container\">\n\t\t\t\t\t<h1 class=\"elementor-heading-title elementor-size-default\">Konferenzraum<\/h1>\t\t\t\t<\/div>\n\t\t\t\t<\/div>\n\t\t\t\t<div class=\"elementor-element elementor-element-6d7a610b elementor-widget__width-initial elementor-widget-mobile__width-inherit elementor-invisible elementor-widget elementor-widget-text-editor\" data-id=\"6d7a610b\" data-element_type=\"widget\" data-settings=\"{&quot;_animation&quot;:&quot;fadeInUp&quot;}\" data-widget_type=\"text-editor.default\">\n\t\t\t\t<div class=\"elementor-widget-container\">\n\t\t\t\t\t\t\t\t\t<p>Wir bieten exzellenten Tagungsservice in einem eleganten Saal im dritten Stock des Hotels.<\/p>\t\t\t\t\t\t\t\t<\/div>\n\t\t\t\t<\/div>\n\t\t\t\t\t<\/div>\n\t\t<\/div>\n\t\t\t\t\t<\/div>\n\t\t<\/section>\n\t\t\t\t<section class=\"elementor-section elementor-top-section elementor-element elementor-element-6a62cdd2 elementor-reverse-mobile elementor-section-boxed elementor-section-height-default elementor-section-height-default\" data-id=\"6a62cdd2\" data-element_type=\"section\">\n\t\t\t\t\t\t<div class=\"elementor-container elementor-column-gap-default\">\n\t\t\t\t\t<div class=\"elementor-column elementor-col-50 elementor-top-column elementor-element elementor-element-11f4a3fd\" data-id=\"11f4a3fd\" data-element_type=\"column\">\n\t\t\t<div class=\"elementor-widget-wrap elementor-element-populated\">\n\t\t\t\t\t\t<div class=\"elementor-element elementor-element-7047ffdc elementor-invisible elementor-widget elementor-widget-heading\" data-id=\"7047ffdc\" data-element_type=\"widget\" data-settings=\"{&quot;_animation&quot;:&quot;fadeInUp&quot;}\" data-widget_type=\"heading.default\">\n\t\t\t\t<div class=\"elementor-widget-container\">\n\t\t\t\t\t<h2 class=\"elementor-heading-title elementor-size-default\">Planen Sie Meetings und Kurse und oder auch Konferenzen bei uns<\/h2>\t\t\t\t<\/div>\n\t\t\t\t<\/div>\n\t\t\t\t<div class=\"elementor-element elementor-element-6c717e35 elementor-invisible elementor-widget elementor-widget-text-editor\" data-id=\"6c717e35\" data-element_type=\"widget\" data-settings=\"{&quot;_animation&quot;:&quot;fadeInUp&quot;}\" data-widget_type=\"text-editor.default\">\n\t\t\t\t<div class=\"elementor-widget-container\">\n\t\t\t\t\t\t\t\t\t<p>Unser Tagungsraum eignet sich ideal f\u00fcr Besprechungen, Pr\u00e4sentationen und Seminare aller Art. Wir bieten ein umfangreiches Catering-Angebot,  allies was side brauchen von Technischen bed\u00fcrfnissen ist vorhanden und wir sorgen daf\u00fcr, dass zum Veranstaltungsbeginn alles bereit ist.<\/p><p><a href=\"mailto:info@hotelvarmaland.is\"><strong>Kontaktieren Sie uns<\/strong><\/a> und erhalten Sie Buchungsinformationen.<\/p>\t\t\t\t\t\t\t\t<\/div>\n\t\t\t\t<\/div>\n\t\t\t\t\t<\/div>\n\t\t<\/div>\n\t\t\t\t<div class=\"elementor-column elementor-col-50 elementor-top-column elementor-element elementor-element-70f9efc6\" data-id=\"70f9efc6\" data-element_type=\"column\" data-settings=\"{&quot;background_background&quot;:&quot;classic&quot;}\">\n\t\t\t<div class=\"elementor-widget-wrap elementor-element-populated\">\n\t\t\t\t\t\t<div class=\"elementor-element elementor-element-2772c4e6 elementor-invisible elementor-widget elementor-widget-image\" data-id=\"2772c4e6\" data-element_type=\"widget\" data-settings=\"{&quot;_animation&quot;:&quot;fadeInUp&quot;}\" data-widget_type=\"image.default\">\n\t\t\t\t<div class=\"elementor-widget-container\">\n\t\t\t\t\t\t\t\t\t\t\t\t\t\t\t<img fetchpriority=\"high\" decoding=\"async\" width=\"1242\" height=\"1656\" src=\"https:\/\/hotelvarmaland.is\/wp-content\/uploads\/2024\/10\/B94872E9-84AF-483C-8F62-5CD61EB500D0.jpg\" class=\"attachment-full size-full wp-image-1857\" alt=\"\" srcset=\"https:\/\/hotelvarmaland.is\/wp-content\/uploads\/2024\/10\/B94872E9-84AF-483C-8F62-5CD61EB500D0.jpg 1242w, https:\/\/hotelvarmaland.is\/wp-content\/uploads\/2024\/10\/B94872E9-84AF-483C-8F62-5CD61EB500D0-225x300.jpg 225w, https:\/\/hotelvarmaland.is\/wp-content\/uploads\/2024\/10\/B94872E9-84AF-483C-8F62-5CD61EB500D0-768x1024.jpg 768w, https:\/\/hotelvarmaland.is\/wp-content\/uploads\/2024\/10\/B94872E9-84AF-483C-8F62-5CD61EB500D0-1152x1536.jpg 1152w, https:\/\/hotelvarmaland.is\/wp-content\/uploads\/2024\/10\/B94872E9-84AF-483C-8F62-5CD61EB500D0-9x12.jpg 9w\" sizes=\"(max-width: 1242px) 100vw, 1242px\" \/>\t\t\t\t\t\t\t\t\t\t\t\t\t\t\t<\/div>\n\t\t\t\t<\/div>\n\t\t\t\t\t<\/div>\n\t\t<\/div>\n\t\t\t\t\t<\/div>\n\t\t<\/section>\n\t\t\t\t<\/div>","protected":false},"excerpt":{"rendered":"<p>fundarsalur Vi\u00f0 bj\u00f3\u00f0um upp \u00e1 fyrirtaks fundar\u00fej\u00f3nustu \u00ed gl\u00e6silegum sal \u00e1 \u00feri\u00f0ju h\u00e6\u00f0 h\u00f3telsins. Skipuleg\u00f0u fundi og n\u00e1mskei\u00f0 hj\u00e1 okkur Fundarsalurinn okkar er tilvalinn fyrir hverskyns fundi, kynningar og n\u00e1mskei\u00f0. Vi\u00f0 bj\u00f3\u00f0um upp \u00e1 fj\u00f6lbreytt \u00farval veitinga, fullkominn fundarb\u00fana\u00f0 og sj\u00e1um um a\u00f0 allt s\u00e9 tilb\u00fai\u00f0 \u00feegar vi\u00f0bur\u00f0urinn \u00e1 a\u00f0 hefjast. Haf\u00f0u samband og f\u00e1\u00f0u [&hellip;]<\/p>","protected":false},"author":1,"featured_media":0,"parent":0,"menu_order":0,"comment_status":"closed","ping_status":"closed","template":"elementor_header_footer","meta":{"footnotes":""},"class_list":["post-1901","page","type-page","status-publish","hentry"],"_links":{"self":[{"href":"https:\/\/hotelvarmaland.is\/de\/wp-json\/wp\/v2\/pages\/1901","targetHints":{"allow":["GET"]}}],"collection":[{"href":"https:\/\/hotelvarmaland.is\/de\/wp-json\/wp\/v2\/pages"}],"about":[{"href":"https:\/\/hotelvarmaland.is\/de\/wp-json\/wp\/v2\/types\/page"}],"author":[{"embeddable":true,"href":"https:\/\/hotelvarmaland.is\/de\/wp-json\/wp\/v2\/users\/1"}],"replies":[{"embeddable":true,"href":"https:\/\/hotelvarmaland.is\/de\/wp-json\/wp\/v2\/comments?post=1901"}],"version-history":[{"count":7,"href":"https:\/\/hotelvarmaland.is\/de\/wp-json\/wp\/v2\/pages\/1901\/revisions"}],"predecessor-version":[{"id":1947,"href":"https:\/\/hotelvarmaland.is\/de\/wp-json\/wp\/v2\/pages\/1901\/revisions\/1947"}],"wp:attachment":[{"href":"https:\/\/hotelvarmaland.is\/de\/wp-json\/wp\/v2\/media?parent=1901"}],"curies":[{"name":"wp","href":"https:\/\/api.w.org\/{rel}","templated":true}]}}